{"id":26,"date":"2024-06-03T15:40:28","date_gmt":"2024-06-03T13:40:28","guid":{"rendered":"https:\/\/www.compelec.fr\/?page_id=26"},"modified":"2024-07-16T09:26:47","modified_gmt":"2024-07-16T07:26:47","slug":"qui-sommes-nous","status":"publish","type":"page","link":"https:\/\/www.compelec.fr\/?page_id=26","title":{"rendered":"QUI SOMMES-NOUS ?"},"content":{"rendered":"<div class=\"wp-block-image\">\n<figure class=\"alignleft is-resized\"><img decoding=\"async\" src=\"https:\/\/www.compelec.fr\/wp-content\/uploads\/2017\/12\/DSC08817.jpg\" alt=\"\" class=\"wp-image-66\" style=\"width:400px\"\/><\/figure>\n<\/div>\n\n\n<p>Compelec est distributeur de composants \u00e9lectroniques de puissance depuis 1994.<\/p>\n\n\n\n<p>Partenaire historique de grands fabricants, tels Mitsubishi Electric, Petercem Sensors, ABB, Mersen, Hitachi, SemiPower, &#8230;, Compelec propose une gamme compl\u00e8te et compl\u00e9mentaire de modules de puissance, des IGBT, HV-IGBT, IPM, diodes,&#8230; aux capteurs de courant et de tension, en passant par les composants p\u00e9riph\u00e9riques tels les fusibles pour semi-conducteurs, les condensateurs, etc&#8230;<\/p>\n\n\n\n<p>Tous ces composants font partie int\u00e9grante des domaines de comp\u00e9tence de la plupart des acteurs en \u00e9lectronique industrielle qui nous entourent aujourd&#8217;hui. Et tout particuli\u00e8rement les secteurs du ferroviaire, de l\u2019industrie, de l\u2019automobile.<\/p>\n\n\n\n<p>Compelec est ainsi \u00e0 l\u2019\u00e9coute de ses clients dans l\u2019\u00e9laboration de leurs nouveaux projets et propose, de par ses comp\u00e9tences m\u00e9tier et son approche qualit\u00e9, des solutions adapt\u00e9es et maitris\u00e9es \u00e0 chaque \u00e9tude.<\/p>\n","protected":false},"excerpt":{"rendered":"<p>Compelec est distributeur de composants \u00e9lectroniques de puissance depuis 1994. Partenaire historique de grands fabricants, tels Mitsubishi Electric, Petercem Sensors, ABB, Mersen, Hitachi, SemiPower, &#8230;, Compelec propose une gamme compl\u00e8te et compl\u00e9mentaire de modules de puissance, des IGBT, HV-IGBT, IPM, diodes,&#8230; aux capteurs de courant et de tension, en passant par les composants p\u00e9riph\u00e9riques tels [&hellip;]<\/p>\n","protected":false},"author":1,"featured_media":0,"parent":0,"menu_order":0,"comment_status":"closed","ping_status":"closed","template":"","meta":{"footnotes":""},"class_list":["post-26","page","type-page","status-publish","hentry"],"_links":{"self":[{"href":"https:\/\/www.compelec.fr\/index.php?rest_route=\/wp\/v2\/pages\/26","targetHints":{"allow":["GET"]}}],"collection":[{"href":"https:\/\/www.compelec.fr\/index.php?rest_route=\/wp\/v2\/pages"}],"about":[{"href":"https:\/\/www.compelec.fr\/index.php?rest_route=\/wp\/v2\/types\/page"}],"author":[{"embeddable":true,"href":"https:\/\/www.compelec.fr\/index.php?rest_route=\/wp\/v2\/users\/1"}],"replies":[{"embeddable":true,"href":"https:\/\/www.compelec.fr\/index.php?rest_route=%2Fwp%2Fv2%2Fcomments&post=26"}],"version-history":[{"count":3,"href":"https:\/\/www.compelec.fr\/index.php?rest_route=\/wp\/v2\/pages\/26\/revisions"}],"predecessor-version":[{"id":3082,"href":"https:\/\/www.compelec.fr\/index.php?rest_route=\/wp\/v2\/pages\/26\/revisions\/3082"}],"wp:attachment":[{"href":"https:\/\/www.compelec.fr\/index.php?rest_route=%2Fwp%2Fv2%2Fmedia&parent=26"}],"curies":[{"name":"wp","href":"https:\/\/api.w.org\/{rel}","templated":true}]}}